{"id":266,"date":"2025-06-30T13:30:40","date_gmt":"2025-06-30T13:30:40","guid":{"rendered":"https:\/\/www.slly.fi\/new\/?page_id=266"},"modified":"2025-07-08T13:30:47","modified_gmt":"2025-07-08T13:30:47","slug":"historia","status":"publish","type":"page","link":"https:\/\/www.slly.fi\/new\/historia\/","title":{"rendered":"Historia"},"content":{"rendered":"<div class=\"wpb-content-wrapper\"><p>[vc_row css_animation=&#8221;&#8221; row_type=&#8221;row&#8221; use_row_as_full_screen_section=&#8221;no&#8221; type=&#8221;grid&#8221; angled_section=&#8221;no&#8221; text_align=&#8221;left&#8221; background_image_as_pattern=&#8221;without_pattern&#8221; padding_top=&#8221;142&#8243; padding_bottom=&#8221;63&#8243; z_index=&#8221;&#8221;][vc_column width=&#8221;1\/2&#8243; offset=&#8221;vc_col-md-8&#8243;][vc_column_text css=&#8221;&#8221;]<\/p>\n<h2>Sahatavaran Lujuuslajitteluyhdistyksen historia<\/h2>\n<p>[\/vc_column_text][vc_empty_space height=&#8221;9px&#8221;][vc_column_text css=&#8221;&#8221;]Sahatavaran Lujuuslajitteluyhdistys ry. perustettiin tammikuussa 1964 professori F.E.Siimeksen johdolla pidetyn ensimm\u00e4isen lujuuslajittelukurssin p\u00e4\u00e4tteeksi.<\/p>\n<p>Yhdistyksen tarkoitukseksi asetettiin lujuuslajitellun sahatavaran tuotannon ja k\u00e4yt\u00f6n kehityksen yleisten edellytysten parantaminen. Yhdistys pit\u00e4\u00e4 luetteloa kouluttamiensa henkil\u00f6iden leimaustunnuksista sek\u00e4 toimii lujuuslajitteluoikeuden saaneiden henkil\u00f6iden yhteysj\u00e4rjest\u00f6n\u00e4 pyrkien samalla kohottamaan heid\u00e4n ammattitaitoaan.<\/p>\n<p>Mahdollisuuksien mukaan yhdistys voi osallistua lujuuslajitteluun tai puualaan liittyviin tutkimuksiin ja tehd\u00e4 julkaisuja lujuuslajittelun tiimoilta.<\/p>\n<p>Yhdistys on t\u00e4h\u00e4n menness\u00e4 j\u00e4rjest\u00e4nyt yli 350 viikon kest\u00e4v\u00e4\u00e4 lajittelukurssia, joilla on koulutettu yli 4500 visuaalisen lujuuslajittelun taitajaa. Vuoden 1998 alusta siirryttiin T-lajittelussa kouluttamaan yhteispohjoismaisen INSTA 142 standardin mukaisen rakennesahatavaran lujuuslajitteluohjeiden pohjalta.<\/p>\n<p>INSTA 142 standardi on hyv\u00e4ksytty Suomessa, Ruotsissa, Norjassa ja Tanskassa. Lujuusluokat on my\u00f6s hyv\u00e4ksytty vastaamaan eurooppalaisia EN 338 mukaisia C-lujuusluokkia siten, ett\u00e4 T3 = C30, T2 = C24, T1 = C18 ja T0 = C14.[\/vc_column_text][vc_empty_space height=&#8221;30px&#8221;][\/vc_column][vc_column width=&#8221;1\/2&#8243; offset=&#8221;vc_col-md-4&#8243;][vc_column_text css=&#8221;&#8221;]<\/p>\n<h2>Tilaa SLLY:n 50-vuotisjuhlakirja<\/h2>\n<p>Hinta 25\u20ac + toimituskulut.<\/p>\n<p>Tilaukset: Osmo Makkonen, slly@kolumbus.fi[\/vc_column_text][vc_empty_space height=&#8221;9px&#8221;][vc_single_image image=&#8221;267&#8243; img_size=&#8221;&#8221; css=&#8221;&#8221; qode_css_animation=&#8221;&#8221;][vc_empty_space height=&#8221;30px&#8221;][\/vc_column][\/vc_row]<\/p>\n<\/div>","protected":false},"excerpt":{"rendered":"<p>[vc_row css_animation=&#8221;&#8221; row_type=&#8221;row&#8221; use_row_as_full_screen_section=&#8221;no&#8221; type=&#8221;grid&#8221; angled_section=&#8221;no&#8221; text_align=&#8221;left&#8221; background_image_as_pattern=&#8221;without_pattern&#8221; padding_top=&#8221;142&#8243; padding_bottom=&#8221;63&#8243; z_index=&#8221;&#8221;][vc_column width=&#8221;1\/2&#8243; offset=&#8221;vc_col-md-8&#8243;][vc_column_text css=&#8221;&#8221;] Sahatavaran Lujuuslajitteluyhdistyksen historia [\/vc_column_text][vc_empty_space height=&#8221;9px&#8221;][vc_column_text css=&#8221;&#8221;]Sahatavaran Lujuuslajitteluyhdistys ry. perustettiin tammikuussa 1964 professori F.E.Siimeksen johdolla pidetyn ensimm\u00e4isen lujuuslajittelukurssin p\u00e4\u00e4tteeksi. Yhdistyksen tarkoitukseksi asetettiin lujuuslajitellun sahatavaran tuotannon ja k\u00e4yt\u00f6n kehityksen yleisten edellytysten parantaminen. Yhdistys&#8230;<\/p>\n","protected":false},"author":1,"featured_media":0,"parent":0,"menu_order":0,"comment_status":"closed","ping_status":"closed","template":"full_width.php","meta":{"content-type":"","footnotes":""},"class_list":["post-266","page","type-page","status-publish","hentry"],"_links":{"self":[{"href":"https:\/\/www.slly.fi\/new\/wp-json\/wp\/v2\/pages\/266","targetHints":{"allow":["GET"]}}],"collection":[{"href":"https:\/\/www.slly.fi\/new\/wp-json\/wp\/v2\/pages"}],"about":[{"href":"https:\/\/www.slly.fi\/new\/wp-json\/wp\/v2\/types\/page"}],"author":[{"embeddable":true,"href":"https:\/\/www.slly.fi\/new\/wp-json\/wp\/v2\/users\/1"}],"replies":[{"embeddable":true,"href":"https:\/\/www.slly.fi\/new\/wp-json\/wp\/v2\/comments?post=266"}],"version-history":[{"count":3,"href":"https:\/\/www.slly.fi\/new\/wp-json\/wp\/v2\/pages\/266\/revisions"}],"predecessor-version":[{"id":315,"href":"https:\/\/www.slly.fi\/new\/wp-json\/wp\/v2\/pages\/266\/revisions\/315"}],"wp:attachment":[{"href":"https:\/\/www.slly.fi\/new\/wp-json\/wp\/v2\/media?parent=266"}],"curies":[{"name":"wp","href":"https:\/\/api.w.org\/{rel}","templated":true}]}}